{"id":24,"date":"2023-05-11T20:42:00","date_gmt":"2023-05-11T18:42:00","guid":{"rendered":"https:\/\/splet.smgs.si\/MiskicNikola\/www.outfitgenerator.si\/?page_id=24"},"modified":"2023-05-11T21:34:28","modified_gmt":"2023-05-11T19:34:28","slug":"o-nas","status":"publish","type":"page","link":"https:\/\/splet.smgs.si\/MiskicNikola\/www.outfitgenerator.si\/o-nas\/","title":{"rendered":"O nas"},"content":{"rendered":"\n<h2 class=\"wp-block-heading\">O APLIKACIJI<\/h2>\n\n\n\n<p>Na\u0161a aplikacija \u201cOutFit Generator\u201d, je najnovej\u0161a re\u0161itev za vse va\u0161e vrtoglavice, povezane z ustvarjanjem sve\u017eih ter zanimivih obla\u010dilnih kombinacij. Deluje tako, da ob prvem zagonu aplikacije, uporabniku postavi nekaj parametrskih vpra\u0161anj. Vpra\u0161anja se navezujejo na preferenco stila, barve, cenovnega razreda in \u0161e mnogo drugih. Na podlagi odgovorov aplikacija nato priredi pestro izbiro obla\u010dil. \u017de na samem bi te informacije morale vzbuditi va\u0161e zanimanje, \u010de ste pa slu\u010dajno bolj skepti\u010dna oseba, imamo za vas \u0161e nekaj presene\u010denj. Ko uporabnik odgovori \u0161e na zadnje vpra\u0161anje, in izpolni \u0161e zadnji parameter po svojih \u017eeljah, mu aplikacija ponudi izbor mo\u017enih obla\u010dilnih kombinacij.<\/p>\n\n\n\n<p><strong>ALGORITMI<\/strong><\/p>\n\n\n\n<p>Izbor obla\u010dilnih kombinacij, ki jih pripravi na\u0161a aplikacija, temelji na zapletenih algoritmih, ki se osredoto\u010dajo na uporabnikove preference in stil. Aplikacija upo\u0161teva tudi sezonske trende ter vremenske razmere, ki jih uporabnik vpi\u0161e, in pripravi kombinacije obla\u010dil, ki so primerna za vse vremenske razmere.<\/p>\n\n\n\n<p>Za tiste, ki \u017eelijo \u0161e ve\u010d izbire, smo v aplikacijo vklju\u010dili tudi mo\u017enost, da uporabnik lahko shrani svoje najljub\u0161e kombinacije obla\u010dil in jih deli s prijatelji preko dru\u017ebenih omre\u017eij. Poleg tega lahko uporabnik tudi shranjuje svoje nakupovalne sezname ter sledi cenam izbranih obla\u010dil.<\/p>\n\n\n\n<p><strong>UPORABA<\/strong><\/p>\n\n\n\n<p>Aplikacija FitCreator je preprosta za uporabo, saj je uporabni\u0161ki vmesnik zasnovan tako, da je intuitiven in enostaven za navigacijo. Poleg tega pa zagotavljamo tudi varnost in zasebnost uporabnikovih podatkov, saj uporabljamo najnaprednej\u0161e tehnologije za za\u0161\u010dito osebnih podatkov.<\/p>\n\n\n\n<p>Smo prepri\u010dani, da bo aplikacija FitCreator zagotovo olaj\u0161ala va\u0161e \u017eivljenje in vam pomagala pri ustvarjanju sve\u017eih in zanimivih obla\u010dilnih kombinacij. Zato vas vabimo, da jo preizkusite in se prepri\u010date sami!<\/p>\n\n\n\n<p><em><strong>Aplikacijo smo oblikovali po rezultatih anket, ki si jih lahko ogledate v PDF dokumentu spodaj.<\/strong><\/em><\/p>\n\n\n\n<figure class=\"wp-block-image size-large\"><img decoding=\"async\" loading=\"lazy\" width=\"1024\" height=\"657\" src=\"https:\/\/splet.smgs.si\/MiskicNikola\/www.outfitgenerator.si\/wp-content\/uploads\/2023\/05\/image_2023-04-20_205403784-1024x657.png\" alt=\"\" class=\"wp-image-20\" srcset=\"https:\/\/splet.smgs.si\/MiskicNikola\/www.outfitgenerator.si\/wp-content\/uploads\/2023\/05\/image_2023-04-20_205403784-1024x657.png 1024w, https:\/\/splet.smgs.si\/MiskicNikola\/www.outfitgenerator.si\/wp-content\/uploads\/2023\/05\/image_2023-04-20_205403784-300x193.png 300w, https:\/\/splet.smgs.si\/MiskicNikola\/www.outfitgenerator.si\/wp-content\/uploads\/2023\/05\/image_2023-04-20_205403784-768x493.png 768w, https:\/\/splet.smgs.si\/MiskicNikola\/www.outfitgenerator.si\/wp-content\/uploads\/2023\/05\/image_2023-04-20_205403784-600x385.png 600w, https:\/\/splet.smgs.si\/MiskicNikola\/www.outfitgenerator.si\/wp-content\/uploads\/2023\/05\/image_2023-04-20_205403784.png 1156w\" sizes=\"(max-width: 1024px) 100vw, 1024px\" \/><\/figure>\n\n\n<a href=\"https:\/\/splet.smgs.si\/MiskicNikola\/www.outfitgenerator.si\/wp-content\/uploads\/2023\/05\/analiza-intervjujev.pdf\" class=\"pdfemb-viewer\" style=\"\" data-width=\"max\" data-height=\"max\"  data-toolbar=\"bottom\" data-toolbar-fixed=\"off\">analiza-intervjujev<br\/><\/a>\n<p class=\"wp-block-pdfemb-pdf-embedder-viewer\"><\/p>\n","protected":false},"excerpt":{"rendered":"<p>O APLIKACIJI Na\u0161a aplikacija \u201cOutFit Generator\u201d, je najnovej\u0161a re\u0161itev za vse va\u0161e vrtoglavice, povezane z [&hellip;]<\/p>\n","protected":false},"author":1,"featured_media":0,"parent":0,"menu_order":0,"comment_status":"closed","ping_status":"closed","template":"","meta":[],"yoast_head":"<!-- This site is optimized with the Yoast SEO plugin v20.7 - https:\/\/yoast.com\/wordpress\/plugins\/seo\/ -->\n<title>O nas - OutfitGenerator<\/title>\n<meta name=\"robots\" content=\"index, follow, max-snippet:-1, max-image-preview:large, max-video-preview:-1\" \/>\n<link rel=\"canonical\" href=\"https:\/\/splet.smgs.si\/MiskicNikola\/www.outfitgenerator.si\/o-nas\/\" \/>\n<meta property=\"og:locale\" content=\"en_US\" \/>\n<meta property=\"og:type\" content=\"article\" \/>\n<meta property=\"og:title\" content=\"O nas - OutfitGenerator\" \/>\n<meta property=\"og:description\" content=\"O APLIKACIJI Na\u0161a aplikacija \u201cOutFit Generator\u201d, je najnovej\u0161a re\u0161itev za vse va\u0161e vrtoglavice, povezane z [&hellip;]\" \/>\n<meta property=\"og:url\" content=\"https:\/\/splet.smgs.si\/MiskicNikola\/www.outfitgenerator.si\/o-nas\/\" \/>\n<meta property=\"og:site_name\" content=\"OutfitGenerator\" \/>\n<meta property=\"article:modified_time\" content=\"2023-05-11T19:34:28+00:00\" \/>\n<meta property=\"og:image\" content=\"https:\/\/splet.smgs.si\/MiskicNikola\/www.outfitgenerator.si\/wp-content\/uploads\/2023\/05\/image_2023-04-20_205403784-1024x657.png\" \/>\n<meta name=\"twitter:card\" content=\"summary_large_image\" \/>\n<meta name=\"twitter:label1\" content=\"Est. reading time\" \/>\n\t<meta name=\"twitter:data1\" content=\"2 minutes\" \/>\n<script type=\"application\/ld+json\" class=\"yoast-schema-graph\">{\"@context\":\"https:\/\/schema.org\",\"@graph\":[{\"@type\":\"WebPage\",\"@id\":\"https:\/\/splet.smgs.si\/MiskicNikola\/www.outfitgenerator.si\/o-nas\/\",\"url\":\"https:\/\/splet.smgs.si\/MiskicNikola\/www.outfitgenerator.si\/o-nas\/\",\"name\":\"O nas - OutfitGenerator\",\"isPartOf\":{\"@id\":\"https:\/\/splet.smgs.si\/MiskicNikola\/www.outfitgenerator.si\/#website\"},\"datePublished\":\"2023-05-11T18:42:00+00:00\",\"dateModified\":\"2023-05-11T19:34:28+00:00\",\"breadcrumb\":{\"@id\":\"https:\/\/splet.smgs.si\/MiskicNikola\/www.outfitgenerator.si\/o-nas\/#breadcrumb\"},\"inLanguage\":\"en-US\",\"potentialAction\":[{\"@type\":\"ReadAction\",\"target\":[\"https:\/\/splet.smgs.si\/MiskicNikola\/www.outfitgenerator.si\/o-nas\/\"]}]},{\"@type\":\"BreadcrumbList\",\"@id\":\"https:\/\/splet.smgs.si\/MiskicNikola\/www.outfitgenerator.si\/o-nas\/#breadcrumb\",\"itemListElement\":[{\"@type\":\"ListItem\",\"position\":1,\"name\":\"Home\",\"item\":\"https:\/\/splet.smgs.si\/MiskicNikola\/www.outfitgenerator.si\/\"},{\"@type\":\"ListItem\",\"position\":2,\"name\":\"O nas\"}]},{\"@type\":\"WebSite\",\"@id\":\"https:\/\/splet.smgs.si\/MiskicNikola\/www.outfitgenerator.si\/#website\",\"url\":\"https:\/\/splet.smgs.si\/MiskicNikola\/www.outfitgenerator.si\/\",\"name\":\"OutfitGenerator\",\"description\":\"\",\"potentialAction\":[{\"@type\":\"SearchAction\",\"target\":{\"@type\":\"EntryPoint\",\"urlTemplate\":\"https:\/\/splet.smgs.si\/MiskicNikola\/www.outfitgenerator.si\/?s={search_term_string}\"},\"query-input\":\"required name=search_term_string\"}],\"inLanguage\":\"en-US\"}]}<\/script>\n<!-- \/ Yoast SEO plugin. -->","yoast_head_json":{"title":"O nas - OutfitGenerator","robots":{"index":"index","follow":"follow","max-snippet":"max-snippet:-1","max-image-preview":"max-image-preview:large","max-video-preview":"max-video-preview:-1"},"canonical":"https:\/\/splet.smgs.si\/MiskicNikola\/www.outfitgenerator.si\/o-nas\/","og_locale":"en_US","og_type":"article","og_title":"O nas - OutfitGenerator","og_description":"O APLIKACIJI Na\u0161a aplikacija \u201cOutFit Generator\u201d, je najnovej\u0161a re\u0161itev za vse va\u0161e vrtoglavice, povezane z [&hellip;]","og_url":"https:\/\/splet.smgs.si\/MiskicNikola\/www.outfitgenerator.si\/o-nas\/","og_site_name":"OutfitGenerator","article_modified_time":"2023-05-11T19:34:28+00:00","og_image":[{"url":"https:\/\/splet.smgs.si\/MiskicNikola\/www.outfitgenerator.si\/wp-content\/uploads\/2023\/05\/image_2023-04-20_205403784-1024x657.png"}],"twitter_card":"summary_large_image","twitter_misc":{"Est. reading time":"2 minutes"},"schema":{"@context":"https:\/\/schema.org","@graph":[{"@type":"WebPage","@id":"https:\/\/splet.smgs.si\/MiskicNikola\/www.outfitgenerator.si\/o-nas\/","url":"https:\/\/splet.smgs.si\/MiskicNikola\/www.outfitgenerator.si\/o-nas\/","name":"O nas - OutfitGenerator","isPartOf":{"@id":"https:\/\/splet.smgs.si\/MiskicNikola\/www.outfitgenerator.si\/#website"},"datePublished":"2023-05-11T18:42:00+00:00","dateModified":"2023-05-11T19:34:28+00:00","breadcrumb":{"@id":"https:\/\/splet.smgs.si\/MiskicNikola\/www.outfitgenerator.si\/o-nas\/#breadcrumb"},"inLanguage":"en-US","potentialAction":[{"@type":"ReadAction","target":["https:\/\/splet.smgs.si\/MiskicNikola\/www.outfitgenerator.si\/o-nas\/"]}]},{"@type":"BreadcrumbList","@id":"https:\/\/splet.smgs.si\/MiskicNikola\/www.outfitgenerator.si\/o-nas\/#breadcrumb","itemListElement":[{"@type":"ListItem","position":1,"name":"Home","item":"https:\/\/splet.smgs.si\/MiskicNikola\/www.outfitgenerator.si\/"},{"@type":"ListItem","position":2,"name":"O nas"}]},{"@type":"WebSite","@id":"https:\/\/splet.smgs.si\/MiskicNikola\/www.outfitgenerator.si\/#website","url":"https:\/\/splet.smgs.si\/MiskicNikola\/www.outfitgenerator.si\/","name":"OutfitGenerator","description":"","potentialAction":[{"@type":"SearchAction","target":{"@type":"EntryPoint","urlTemplate":"https:\/\/splet.smgs.si\/MiskicNikola\/www.outfitgenerator.si\/?s={search_term_string}"},"query-input":"required name=search_term_string"}],"inLanguage":"en-US"}]}},"_links":{"self":[{"href":"https:\/\/splet.smgs.si\/MiskicNikola\/www.outfitgenerator.si\/wp-json\/wp\/v2\/pages\/24"}],"collection":[{"href":"https:\/\/splet.smgs.si\/MiskicNikola\/www.outfitgenerator.si\/wp-json\/wp\/v2\/pages"}],"about":[{"href":"https:\/\/splet.smgs.si\/MiskicNikola\/www.outfitgenerator.si\/wp-json\/wp\/v2\/types\/page"}],"author":[{"embeddable":true,"href":"https:\/\/splet.smgs.si\/MiskicNikola\/www.outfitgenerator.si\/wp-json\/wp\/v2\/users\/1"}],"replies":[{"embeddable":true,"href":"https:\/\/splet.smgs.si\/MiskicNikola\/www.outfitgenerator.si\/wp-json\/wp\/v2\/comments?post=24"}],"version-history":[{"count":3,"href":"https:\/\/splet.smgs.si\/MiskicNikola\/www.outfitgenerator.si\/wp-json\/wp\/v2\/pages\/24\/revisions"}],"predecessor-version":[{"id":73,"href":"https:\/\/splet.smgs.si\/MiskicNikola\/www.outfitgenerator.si\/wp-json\/wp\/v2\/pages\/24\/revisions\/73"}],"wp:attachment":[{"href":"https:\/\/splet.smgs.si\/MiskicNikola\/www.outfitgenerator.si\/wp-json\/wp\/v2\/media?parent=24"}],"curies":[{"name":"wp","href":"https:\/\/api.w.org\/{rel}","templated":true}]}}