{"id":30,"date":"2023-05-11T20:42:34","date_gmt":"2023-05-11T18:42:34","guid":{"rendered":"https:\/\/splet.smgs.si\/MiskicNikola\/www.outfitgenerator.si\/?page_id=30"},"modified":"2023-05-11T21:25:39","modified_gmt":"2023-05-11T19:25:39","slug":"aktualne-novice","status":"publish","type":"page","link":"https:\/\/splet.smgs.si\/MiskicNikola\/www.outfitgenerator.si\/aktualne-novice\/","title":{"rendered":"Aktualne novice"},"content":{"rendered":"<ul class=\"wp-block-latest-posts__list has-dates has-author wp-block-latest-posts\"><li><div class=\"wp-block-latest-posts__featured-image\"><img width=\"150\" height=\"150\" src=\"https:\/\/splet.smgs.si\/MiskicNikola\/www.outfitgenerator.si\/wp-content\/uploads\/2023\/05\/prenos-150x150.jpg\" class=\"attachment-thumbnail size-thumbnail wp-post-image\" alt=\"\" decoding=\"async\" loading=\"lazy\" style=\"\" srcset=\"https:\/\/splet.smgs.si\/MiskicNikola\/www.outfitgenerator.si\/wp-content\/uploads\/2023\/05\/prenos-150x150.jpg 150w, https:\/\/splet.smgs.si\/MiskicNikola\/www.outfitgenerator.si\/wp-content\/uploads\/2023\/05\/prenos-100x100.jpg 100w\" sizes=\"(max-width: 150px) 100vw, 150px\" \/><\/div><a class=\"wp-block-latest-posts__post-title\" href=\"https:\/\/splet.smgs.si\/MiskicNikola\/www.outfitgenerator.si\/modni-trendi-za-pomlad-2023\/\">Modni trendi za pomlad 2023<\/a><div class=\"wp-block-latest-posts__post-author\">by MiskicNikola<\/div><time datetime=\"2023-05-11T21:07:22+02:00\" class=\"wp-block-latest-posts__post-date\">05. May, 2023<\/time><div class=\"wp-block-latest-posts__post-excerpt\">Ko se bli\u017eamo polovici leta, je \u010das, da za\u010dnemo pregledovati najve\u010dje&nbsp;modne trende, ki se pojavljajo [&hellip;]<\/div><\/li>\n<\/ul>","protected":false},"excerpt":{"rendered":"","protected":false},"author":1,"featured_media":0,"parent":0,"menu_order":0,"comment_status":"closed","ping_status":"closed","template":"","meta":[],"yoast_head":"<!-- This site is optimized with the Yoast SEO plugin v20.7 - https:\/\/yoast.com\/wordpress\/plugins\/seo\/ -->\n<title>Aktualne novice - OutfitGenerator<\/title>\n<meta name=\"robots\" content=\"index, follow, max-snippet:-1, max-image-preview:large, max-video-preview:-1\" \/>\n<link rel=\"canonical\" href=\"https:\/\/splet.smgs.si\/MiskicNikola\/www.outfitgenerator.si\/aktualne-novice\/\" \/>\n<meta property=\"og:locale\" content=\"en_US\" \/>\n<meta property=\"og:type\" content=\"article\" \/>\n<meta property=\"og:title\" content=\"Aktualne novice - OutfitGenerator\" \/>\n<meta property=\"og:url\" content=\"https:\/\/splet.smgs.si\/MiskicNikola\/www.outfitgenerator.si\/aktualne-novice\/\" \/>\n<meta property=\"og:site_name\" content=\"OutfitGenerator\" \/>\n<meta property=\"article:modified_time\" content=\"2023-05-11T19:25:39+00:00\" \/>\n<meta name=\"twitter:card\" content=\"summary_large_image\" \/>\n<script type=\"application\/ld+json\" class=\"yoast-schema-graph\">{\"@context\":\"https:\/\/schema.org\",\"@graph\":[{\"@type\":\"WebPage\",\"@id\":\"https:\/\/splet.smgs.si\/MiskicNikola\/www.outfitgenerator.si\/aktualne-novice\/\",\"url\":\"https:\/\/splet.smgs.si\/MiskicNikola\/www.outfitgenerator.si\/aktualne-novice\/\",\"name\":\"Aktualne novice - OutfitGenerator\",\"isPartOf\":{\"@id\":\"https:\/\/splet.smgs.si\/MiskicNikola\/www.outfitgenerator.si\/#website\"},\"datePublished\":\"2023-05-11T18:42:34+00:00\",\"dateModified\":\"2023-05-11T19:25:39+00:00\",\"breadcrumb\":{\"@id\":\"https:\/\/splet.smgs.si\/MiskicNikola\/www.outfitgenerator.si\/aktualne-novice\/#breadcrumb\"},\"inLanguage\":\"en-US\",\"potentialAction\":[{\"@type\":\"ReadAction\",\"target\":[\"https:\/\/splet.smgs.si\/MiskicNikola\/www.outfitgenerator.si\/aktualne-novice\/\"]}]},{\"@type\":\"BreadcrumbList\",\"@id\":\"https:\/\/splet.smgs.si\/MiskicNikola\/www.outfitgenerator.si\/aktualne-novice\/#breadcrumb\",\"itemListElement\":[{\"@type\":\"ListItem\",\"position\":1,\"name\":\"Home\",\"item\":\"https:\/\/splet.smgs.si\/MiskicNikola\/www.outfitgenerator.si\/\"},{\"@type\":\"ListItem\",\"position\":2,\"name\":\"Aktualne novice\"}]},{\"@type\":\"WebSite\",\"@id\":\"https:\/\/splet.smgs.si\/MiskicNikola\/www.outfitgenerator.si\/#website\",\"url\":\"https:\/\/splet.smgs.si\/MiskicNikola\/www.outfitgenerator.si\/\",\"name\":\"OutfitGenerator\",\"description\":\"\",\"potentialAction\":[{\"@type\":\"SearchAction\",\"target\":{\"@type\":\"EntryPoint\",\"urlTemplate\":\"https:\/\/splet.smgs.si\/MiskicNikola\/www.outfitgenerator.si\/?s={search_term_string}\"},\"query-input\":\"required name=search_term_string\"}],\"inLanguage\":\"en-US\"}]}<\/script>\n<!-- \/ Yoast SEO plugin. -->","yoast_head_json":{"title":"Aktualne novice - OutfitGenerator","robots":{"index":"index","follow":"follow","max-snippet":"max-snippet:-1","max-image-preview":"max-image-preview:large","max-video-preview":"max-video-preview:-1"},"canonical":"https:\/\/splet.smgs.si\/MiskicNikola\/www.outfitgenerator.si\/aktualne-novice\/","og_locale":"en_US","og_type":"article","og_title":"Aktualne novice - OutfitGenerator","og_url":"https:\/\/splet.smgs.si\/MiskicNikola\/www.outfitgenerator.si\/aktualne-novice\/","og_site_name":"OutfitGenerator","article_modified_time":"2023-05-11T19:25:39+00:00","twitter_card":"summary_large_image","schema":{"@context":"https:\/\/schema.org","@graph":[{"@type":"WebPage","@id":"https:\/\/splet.smgs.si\/MiskicNikola\/www.outfitgenerator.si\/aktualne-novice\/","url":"https:\/\/splet.smgs.si\/MiskicNikola\/www.outfitgenerator.si\/aktualne-novice\/","name":"Aktualne novice - OutfitGenerator","isPartOf":{"@id":"https:\/\/splet.smgs.si\/MiskicNikola\/www.outfitgenerator.si\/#website"},"datePublished":"2023-05-11T18:42:34+00:00","dateModified":"2023-05-11T19:25:39+00:00","breadcrumb":{"@id":"https:\/\/splet.smgs.si\/MiskicNikola\/www.outfitgenerator.si\/aktualne-novice\/#breadcrumb"},"inLanguage":"en-US","potentialAction":[{"@type":"ReadAction","target":["https:\/\/splet.smgs.si\/MiskicNikola\/www.outfitgenerator.si\/aktualne-novice\/"]}]},{"@type":"BreadcrumbList","@id":"https:\/\/splet.smgs.si\/MiskicNikola\/www.outfitgenerator.si\/aktualne-novice\/#breadcrumb","itemListElement":[{"@type":"ListItem","position":1,"name":"Home","item":"https:\/\/splet.smgs.si\/MiskicNikola\/www.outfitgenerator.si\/"},{"@type":"ListItem","position":2,"name":"Aktualne novice"}]},{"@type":"WebSite","@id":"https:\/\/splet.smgs.si\/MiskicNikola\/www.outfitgenerator.si\/#website","url":"https:\/\/splet.smgs.si\/MiskicNikola\/www.outfitgenerator.si\/","name":"OutfitGenerator","description":"","potentialAction":[{"@type":"SearchAction","target":{"@type":"EntryPoint","urlTemplate":"https:\/\/splet.smgs.si\/MiskicNikola\/www.outfitgenerator.si\/?s={search_term_string}"},"query-input":"required name=search_term_string"}],"inLanguage":"en-US"}]}},"_links":{"self":[{"href":"https:\/\/splet.smgs.si\/MiskicNikola\/www.outfitgenerator.si\/wp-json\/wp\/v2\/pages\/30"}],"collection":[{"href":"https:\/\/splet.smgs.si\/MiskicNikola\/www.outfitgenerator.si\/wp-json\/wp\/v2\/pages"}],"about":[{"href":"https:\/\/splet.smgs.si\/MiskicNikola\/www.outfitgenerator.si\/wp-json\/wp\/v2\/types\/page"}],"author":[{"embeddable":true,"href":"https:\/\/splet.smgs.si\/MiskicNikola\/www.outfitgenerator.si\/wp-json\/wp\/v2\/users\/1"}],"replies":[{"embeddable":true,"href":"https:\/\/splet.smgs.si\/MiskicNikola\/www.outfitgenerator.si\/wp-json\/wp\/v2\/comments?post=30"}],"version-history":[{"count":3,"href":"https:\/\/splet.smgs.si\/MiskicNikola\/www.outfitgenerator.si\/wp-json\/wp\/v2\/pages\/30\/revisions"}],"predecessor-version":[{"id":70,"href":"https:\/\/splet.smgs.si\/MiskicNikola\/www.outfitgenerator.si\/wp-json\/wp\/v2\/pages\/30\/revisions\/70"}],"wp:attachment":[{"href":"https:\/\/splet.smgs.si\/MiskicNikola\/www.outfitgenerator.si\/wp-json\/wp\/v2\/media?parent=30"}],"curies":[{"name":"wp","href":"https:\/\/api.w.org\/{rel}","templated":true}]}}