{"id":74,"date":"2023-05-11T21:41:24","date_gmt":"2023-05-11T19:41:24","guid":{"rendered":"https:\/\/splet.smgs.si\/MiskicNikola\/www.outfitgenerator.si\/?page_id=74"},"modified":"2023-05-11T21:41:25","modified_gmt":"2023-05-11T19:41:25","slug":"piskotki","status":"publish","type":"page","link":"https:\/\/splet.smgs.si\/MiskicNikola\/www.outfitgenerator.si\/piskotki\/","title":{"rendered":"Pi\u0161kotki"},"content":{"rendered":"\n<p>Pi\u0161kotki so tekstovne datoteke, ki na na\u0161em stre\u017eniku prepoznajo va\u0161 ra\u010dunalnik. Pi\u0161kotki sami po sebi ne prepoznajo individualnega uporabnika, pa\u010d pa ra\u010dunalnik, ki je bil uporabljen pri\u00a0dostopu na spletno stran.<\/p>\n\n\n\n<p><a href=\"https:\/\/safe.si\/nasveti\/moja-identiteta-in-zasebnost\/piskotki-in-zasebnost\" target=\"_blank\" rel=\"noreferrer noopener\">safe.si<\/a><\/p>\n\n\n\n<figure class=\"wp-block-table\"><table><tbody><tr><td>Ime pi\u0161kotka<\/td><td>Trajanje pi\u0161kotka<\/td><\/tr><tr><td>splet.smgs.si<\/td><td>\u010das seje<\/td><\/tr><tr><td>smgs.si<\/td><td>\u010das seje<\/td><\/tr><\/tbody><\/table><\/figure>\n","protected":false},"excerpt":{"rendered":"<p>Pi\u0161kotki so tekstovne datoteke, ki na na\u0161em stre\u017eniku prepoznajo va\u0161 ra\u010dunalnik. Pi\u0161kotki sami po sebi [&hellip;]<\/p>\n","protected":false},"author":1,"featured_media":0,"parent":0,"menu_order":0,"comment_status":"closed","ping_status":"closed","template":"","meta":[],"yoast_head":"<!-- This site is optimized with the Yoast SEO plugin v20.7 - https:\/\/yoast.com\/wordpress\/plugins\/seo\/ -->\n<title>Pi\u0161kotki - OutfitGenerator<\/title>\n<meta name=\"robots\" content=\"index, follow, max-snippet:-1, max-image-preview:large, max-video-preview:-1\" \/>\n<link rel=\"canonical\" href=\"https:\/\/splet.smgs.si\/MiskicNikola\/www.outfitgenerator.si\/piskotki\/\" \/>\n<meta property=\"og:locale\" content=\"en_US\" \/>\n<meta property=\"og:type\" content=\"article\" \/>\n<meta property=\"og:title\" content=\"Pi\u0161kotki - OutfitGenerator\" \/>\n<meta property=\"og:description\" content=\"Pi\u0161kotki so tekstovne datoteke, ki na na\u0161em stre\u017eniku prepoznajo va\u0161 ra\u010dunalnik. Pi\u0161kotki sami po sebi [&hellip;]\" \/>\n<meta property=\"og:url\" content=\"https:\/\/splet.smgs.si\/MiskicNikola\/www.outfitgenerator.si\/piskotki\/\" \/>\n<meta property=\"og:site_name\" content=\"OutfitGenerator\" \/>\n<meta property=\"article:modified_time\" content=\"2023-05-11T19:41:25+00:00\" \/>\n<meta name=\"twitter:card\" content=\"summary_large_image\" \/>\n<meta name=\"twitter:label1\" content=\"Est. reading time\" \/>\n\t<meta name=\"twitter:data1\" content=\"1 minute\" \/>\n<script type=\"application\/ld+json\" class=\"yoast-schema-graph\">{\"@context\":\"https:\/\/schema.org\",\"@graph\":[{\"@type\":\"WebPage\",\"@id\":\"https:\/\/splet.smgs.si\/MiskicNikola\/www.outfitgenerator.si\/piskotki\/\",\"url\":\"https:\/\/splet.smgs.si\/MiskicNikola\/www.outfitgenerator.si\/piskotki\/\",\"name\":\"Pi\u0161kotki - OutfitGenerator\",\"isPartOf\":{\"@id\":\"https:\/\/splet.smgs.si\/MiskicNikola\/www.outfitgenerator.si\/#website\"},\"datePublished\":\"2023-05-11T19:41:24+00:00\",\"dateModified\":\"2023-05-11T19:41:25+00:00\",\"breadcrumb\":{\"@id\":\"https:\/\/splet.smgs.si\/MiskicNikola\/www.outfitgenerator.si\/piskotki\/#breadcrumb\"},\"inLanguage\":\"en-US\",\"potentialAction\":[{\"@type\":\"ReadAction\",\"target\":[\"https:\/\/splet.smgs.si\/MiskicNikola\/www.outfitgenerator.si\/piskotki\/\"]}]},{\"@type\":\"BreadcrumbList\",\"@id\":\"https:\/\/splet.smgs.si\/MiskicNikola\/www.outfitgenerator.si\/piskotki\/#breadcrumb\",\"itemListElement\":[{\"@type\":\"ListItem\",\"position\":1,\"name\":\"Home\",\"item\":\"https:\/\/splet.smgs.si\/MiskicNikola\/www.outfitgenerator.si\/\"},{\"@type\":\"ListItem\",\"position\":2,\"name\":\"Pi\u0161kotki\"}]},{\"@type\":\"WebSite\",\"@id\":\"https:\/\/splet.smgs.si\/MiskicNikola\/www.outfitgenerator.si\/#website\",\"url\":\"https:\/\/splet.smgs.si\/MiskicNikola\/www.outfitgenerator.si\/\",\"name\":\"OutfitGenerator\",\"description\":\"\",\"potentialAction\":[{\"@type\":\"SearchAction\",\"target\":{\"@type\":\"EntryPoint\",\"urlTemplate\":\"https:\/\/splet.smgs.si\/MiskicNikola\/www.outfitgenerator.si\/?s={search_term_string}\"},\"query-input\":\"required name=search_term_string\"}],\"inLanguage\":\"en-US\"}]}<\/script>\n<!-- \/ Yoast SEO plugin. -->","yoast_head_json":{"title":"Pi\u0161kotki - OutfitGenerator","robots":{"index":"index","follow":"follow","max-snippet":"max-snippet:-1","max-image-preview":"max-image-preview:large","max-video-preview":"max-video-preview:-1"},"canonical":"https:\/\/splet.smgs.si\/MiskicNikola\/www.outfitgenerator.si\/piskotki\/","og_locale":"en_US","og_type":"article","og_title":"Pi\u0161kotki - OutfitGenerator","og_description":"Pi\u0161kotki so tekstovne datoteke, ki na na\u0161em stre\u017eniku prepoznajo va\u0161 ra\u010dunalnik. Pi\u0161kotki sami po sebi [&hellip;]","og_url":"https:\/\/splet.smgs.si\/MiskicNikola\/www.outfitgenerator.si\/piskotki\/","og_site_name":"OutfitGenerator","article_modified_time":"2023-05-11T19:41:25+00:00","twitter_card":"summary_large_image","twitter_misc":{"Est. reading time":"1 minute"},"schema":{"@context":"https:\/\/schema.org","@graph":[{"@type":"WebPage","@id":"https:\/\/splet.smgs.si\/MiskicNikola\/www.outfitgenerator.si\/piskotki\/","url":"https:\/\/splet.smgs.si\/MiskicNikola\/www.outfitgenerator.si\/piskotki\/","name":"Pi\u0161kotki - OutfitGenerator","isPartOf":{"@id":"https:\/\/splet.smgs.si\/MiskicNikola\/www.outfitgenerator.si\/#website"},"datePublished":"2023-05-11T19:41:24+00:00","dateModified":"2023-05-11T19:41:25+00:00","breadcrumb":{"@id":"https:\/\/splet.smgs.si\/MiskicNikola\/www.outfitgenerator.si\/piskotki\/#breadcrumb"},"inLanguage":"en-US","potentialAction":[{"@type":"ReadAction","target":["https:\/\/splet.smgs.si\/MiskicNikola\/www.outfitgenerator.si\/piskotki\/"]}]},{"@type":"BreadcrumbList","@id":"https:\/\/splet.smgs.si\/MiskicNikola\/www.outfitgenerator.si\/piskotki\/#breadcrumb","itemListElement":[{"@type":"ListItem","position":1,"name":"Home","item":"https:\/\/splet.smgs.si\/MiskicNikola\/www.outfitgenerator.si\/"},{"@type":"ListItem","position":2,"name":"Pi\u0161kotki"}]},{"@type":"WebSite","@id":"https:\/\/splet.smgs.si\/MiskicNikola\/www.outfitgenerator.si\/#website","url":"https:\/\/splet.smgs.si\/MiskicNikola\/www.outfitgenerator.si\/","name":"OutfitGenerator","description":"","potentialAction":[{"@type":"SearchAction","target":{"@type":"EntryPoint","urlTemplate":"https:\/\/splet.smgs.si\/MiskicNikola\/www.outfitgenerator.si\/?s={search_term_string}"},"query-input":"required name=search_term_string"}],"inLanguage":"en-US"}]}},"_links":{"self":[{"href":"https:\/\/splet.smgs.si\/MiskicNikola\/www.outfitgenerator.si\/wp-json\/wp\/v2\/pages\/74"}],"collection":[{"href":"https:\/\/splet.smgs.si\/MiskicNikola\/www.outfitgenerator.si\/wp-json\/wp\/v2\/pages"}],"about":[{"href":"https:\/\/splet.smgs.si\/MiskicNikola\/www.outfitgenerator.si\/wp-json\/wp\/v2\/types\/page"}],"author":[{"embeddable":true,"href":"https:\/\/splet.smgs.si\/MiskicNikola\/www.outfitgenerator.si\/wp-json\/wp\/v2\/users\/1"}],"replies":[{"embeddable":true,"href":"https:\/\/splet.smgs.si\/MiskicNikola\/www.outfitgenerator.si\/wp-json\/wp\/v2\/comments?post=74"}],"version-history":[{"count":1,"href":"https:\/\/splet.smgs.si\/MiskicNikola\/www.outfitgenerator.si\/wp-json\/wp\/v2\/pages\/74\/revisions"}],"predecessor-version":[{"id":75,"href":"https:\/\/splet.smgs.si\/MiskicNikola\/www.outfitgenerator.si\/wp-json\/wp\/v2\/pages\/74\/revisions\/75"}],"wp:attachment":[{"href":"https:\/\/splet.smgs.si\/MiskicNikola\/www.outfitgenerator.si\/wp-json\/wp\/v2\/media?parent=74"}],"curies":[{"name":"wp","href":"https:\/\/api.w.org\/{rel}","templated":true}]}}