{"id":14,"date":"2023-05-11T20:22:51","date_gmt":"2023-05-11T18:22:51","guid":{"rendered":"https:\/\/splet.smgs.si\/MiskicNikola\/www.outfitgenerator.si\/?post_type=product&#038;p=14"},"modified":"2023-05-11T20:22:51","modified_gmt":"2023-05-11T18:22:51","slug":"adidas-kapa","status":"publish","type":"product","link":"https:\/\/splet.smgs.si\/MiskicNikola\/www.outfitgenerator.si\/product\/adidas-kapa\/","title":{"rendered":"Adidas kapa"},"content":{"rendered":"<ul>\n<li>Mo\u0161ka kapa s \u0161iltom<\/li>\n<li>Primerna je za \u0161tevilne \u0161portne in prosto\u010dasne aktivnosti<\/li>\n<li>Ponuja za\u0161\u010dito pred soncem UV 50 in atraktiven videz<\/li>\n<li>Bomba\u017e pridelan na okolju prijazen na\u010din v iniciativi Better Cotton<\/li>\n<\/ul>\n<ul>\n<li>Material: 100 % bomba\u017e<\/li>\n<\/ul>\n","protected":false},"excerpt":{"rendered":"<h2 class=\"page-title\"><span class=\"base\" data-ui-id=\"page-title-wrapper\">adidas BBALL 3S CAP CT, kapa m.fit \u0161\u010dit, \u010drna<\/span><\/h2>\n","protected":false},"featured_media":15,"template":"","meta":[],"product_cat":[15],"product_tag":[],"yoast_head":"<!-- This site is optimized with the Yoast SEO plugin v20.7 - https:\/\/yoast.com\/wordpress\/plugins\/seo\/ -->\n<title>Adidas kapa - OutfitGenerator<\/title>\n<meta name=\"robots\" content=\"index, follow, max-snippet:-1, max-image-preview:large, max-video-preview:-1\" \/>\n<link rel=\"canonical\" href=\"https:\/\/splet.smgs.si\/MiskicNikola\/www.outfitgenerator.si\/product\/adidas-kapa\/\" \/>\n<meta property=\"og:locale\" content=\"en_US\" \/>\n<meta property=\"og:type\" content=\"article\" \/>\n<meta property=\"og:title\" content=\"Adidas kapa - OutfitGenerator\" \/>\n<meta property=\"og:description\" content=\"adidas BBALL 3S CAP CT, kapa m.fit \u0161\u010dit, \u010drna\" \/>\n<meta property=\"og:url\" content=\"https:\/\/splet.smgs.si\/MiskicNikola\/www.outfitgenerator.si\/product\/adidas-kapa\/\" \/>\n<meta property=\"og:site_name\" content=\"OutfitGenerator\" \/>\n<meta property=\"og:image\" content=\"https:\/\/splet.smgs.si\/MiskicNikola\/www.outfitgenerator.si\/wp-content\/uploads\/2023\/05\/adidas-kapa-600x600-1.jpg\" \/>\n\t<meta property=\"og:image:width\" content=\"600\" \/>\n\t<meta property=\"og:image:height\" content=\"600\" \/>\n\t<meta property=\"og:image:type\" content=\"image\/jpeg\" \/>\n<meta name=\"twitter:card\" content=\"summary_large_image\" \/>\n<meta name=\"twitter:label1\" content=\"Est. reading time\" \/>\n\t<meta name=\"twitter:data1\" content=\"1 minute\" \/>\n<script type=\"application\/ld+json\" class=\"yoast-schema-graph\">{\"@context\":\"https:\/\/schema.org\",\"@graph\":[{\"@type\":\"WebPage\",\"@id\":\"https:\/\/splet.smgs.si\/MiskicNikola\/www.outfitgenerator.si\/product\/adidas-kapa\/\",\"url\":\"https:\/\/splet.smgs.si\/MiskicNikola\/www.outfitgenerator.si\/product\/adidas-kapa\/\",\"name\":\"Adidas kapa - OutfitGenerator\",\"isPartOf\":{\"@id\":\"https:\/\/splet.smgs.si\/MiskicNikola\/www.outfitgenerator.si\/#website\"},\"datePublished\":\"2023-05-11T18:22:51+00:00\",\"dateModified\":\"2023-05-11T18:22:51+00:00\",\"breadcrumb\":{\"@id\":\"https:\/\/splet.smgs.si\/MiskicNikola\/www.outfitgenerator.si\/product\/adidas-kapa\/#breadcrumb\"},\"inLanguage\":\"en-US\",\"potentialAction\":[{\"@type\":\"ReadAction\",\"target\":[\"https:\/\/splet.smgs.si\/MiskicNikola\/www.outfitgenerator.si\/product\/adidas-kapa\/\"]}]},{\"@type\":\"BreadcrumbList\",\"@id\":\"https:\/\/splet.smgs.si\/MiskicNikola\/www.outfitgenerator.si\/product\/adidas-kapa\/#breadcrumb\",\"itemListElement\":[{\"@type\":\"ListItem\",\"position\":1,\"name\":\"Home\",\"item\":\"https:\/\/splet.smgs.si\/MiskicNikola\/www.outfitgenerator.si\/\"},{\"@type\":\"ListItem\",\"position\":2,\"name\":\"Trgovina\",\"item\":\"https:\/\/splet.smgs.si\/MiskicNikola\/www.outfitgenerator.si\/shop\/\"},{\"@type\":\"ListItem\",\"position\":3,\"name\":\"Adidas kapa\"}]},{\"@type\":\"WebSite\",\"@id\":\"https:\/\/splet.smgs.si\/MiskicNikola\/www.outfitgenerator.si\/#website\",\"url\":\"https:\/\/splet.smgs.si\/MiskicNikola\/www.outfitgenerator.si\/\",\"name\":\"OutfitGenerator\",\"description\":\"\",\"potentialAction\":[{\"@type\":\"SearchAction\",\"target\":{\"@type\":\"EntryPoint\",\"urlTemplate\":\"https:\/\/splet.smgs.si\/MiskicNikola\/www.outfitgenerator.si\/?s={search_term_string}\"},\"query-input\":\"required name=search_term_string\"}],\"inLanguage\":\"en-US\"}]}<\/script>\n<!-- \/ Yoast SEO plugin. -->","yoast_head_json":{"title":"Adidas kapa - OutfitGenerator","robots":{"index":"index","follow":"follow","max-snippet":"max-snippet:-1","max-image-preview":"max-image-preview:large","max-video-preview":"max-video-preview:-1"},"canonical":"https:\/\/splet.smgs.si\/MiskicNikola\/www.outfitgenerator.si\/product\/adidas-kapa\/","og_locale":"en_US","og_type":"article","og_title":"Adidas kapa - OutfitGenerator","og_description":"adidas BBALL 3S CAP CT, kapa m.fit \u0161\u010dit, \u010drna","og_url":"https:\/\/splet.smgs.si\/MiskicNikola\/www.outfitgenerator.si\/product\/adidas-kapa\/","og_site_name":"OutfitGenerator","og_image":[{"width":600,"height":600,"url":"https:\/\/splet.smgs.si\/MiskicNikola\/www.outfitgenerator.si\/wp-content\/uploads\/2023\/05\/adidas-kapa-600x600-1.jpg","type":"image\/jpeg"}],"twitter_card":"summary_large_image","twitter_misc":{"Est. reading time":"1 minute"},"schema":{"@context":"https:\/\/schema.org","@graph":[{"@type":"WebPage","@id":"https:\/\/splet.smgs.si\/MiskicNikola\/www.outfitgenerator.si\/product\/adidas-kapa\/","url":"https:\/\/splet.smgs.si\/MiskicNikola\/www.outfitgenerator.si\/product\/adidas-kapa\/","name":"Adidas kapa - OutfitGenerator","isPartOf":{"@id":"https:\/\/splet.smgs.si\/MiskicNikola\/www.outfitgenerator.si\/#website"},"datePublished":"2023-05-11T18:22:51+00:00","dateModified":"2023-05-11T18:22:51+00:00","breadcrumb":{"@id":"https:\/\/splet.smgs.si\/MiskicNikola\/www.outfitgenerator.si\/product\/adidas-kapa\/#breadcrumb"},"inLanguage":"en-US","potentialAction":[{"@type":"ReadAction","target":["https:\/\/splet.smgs.si\/MiskicNikola\/www.outfitgenerator.si\/product\/adidas-kapa\/"]}]},{"@type":"BreadcrumbList","@id":"https:\/\/splet.smgs.si\/MiskicNikola\/www.outfitgenerator.si\/product\/adidas-kapa\/#breadcrumb","itemListElement":[{"@type":"ListItem","position":1,"name":"Home","item":"https:\/\/splet.smgs.si\/MiskicNikola\/www.outfitgenerator.si\/"},{"@type":"ListItem","position":2,"name":"Trgovina","item":"https:\/\/splet.smgs.si\/MiskicNikola\/www.outfitgenerator.si\/shop\/"},{"@type":"ListItem","position":3,"name":"Adidas kapa"}]},{"@type":"WebSite","@id":"https:\/\/splet.smgs.si\/MiskicNikola\/www.outfitgenerator.si\/#website","url":"https:\/\/splet.smgs.si\/MiskicNikola\/www.outfitgenerator.si\/","name":"OutfitGenerator","description":"","potentialAction":[{"@type":"SearchAction","target":{"@type":"EntryPoint","urlTemplate":"https:\/\/splet.smgs.si\/MiskicNikola\/www.outfitgenerator.si\/?s={search_term_string}"},"query-input":"required name=search_term_string"}],"inLanguage":"en-US"}]}},"_links":{"self":[{"href":"https:\/\/splet.smgs.si\/MiskicNikola\/www.outfitgenerator.si\/wp-json\/wp\/v2\/product\/14"}],"collection":[{"href":"https:\/\/splet.smgs.si\/MiskicNikola\/www.outfitgenerator.si\/wp-json\/wp\/v2\/product"}],"about":[{"href":"https:\/\/splet.smgs.si\/MiskicNikola\/www.outfitgenerator.si\/wp-json\/wp\/v2\/types\/product"}],"wp:featuredmedia":[{"embeddable":true,"href":"https:\/\/splet.smgs.si\/MiskicNikola\/www.outfitgenerator.si\/wp-json\/wp\/v2\/media\/15"}],"wp:attachment":[{"href":"https:\/\/splet.smgs.si\/MiskicNikola\/www.outfitgenerator.si\/wp-json\/wp\/v2\/media?parent=14"}],"wp:term":[{"taxonomy":"product_cat","embeddable":true,"href":"https:\/\/splet.smgs.si\/MiskicNikola\/www.outfitgenerator.si\/wp-json\/wp\/v2\/product_cat?post=14"},{"taxonomy":"product_tag","embeddable":true,"href":"https:\/\/splet.smgs.si\/MiskicNikola\/www.outfitgenerator.si\/wp-json\/wp\/v2\/product_tag?post=14"}],"curies":[{"name":"wp","href":"https:\/\/api.w.org\/{rel}","templated":true}]}}